{"id":2426,"date":"2021-04-30T07:44:22","date_gmt":"2021-04-30T05:44:22","guid":{"rendered":"http:\/\/test.creepyjar.com\/?page_id=2426"},"modified":"2025-11-19T10:11:10","modified_gmt":"2025-11-19T09:11:10","slug":"contact-us","status":"publish","type":"page","link":"https:\/\/creepyjar.com\/en\/contact-us\/","title":{"rendered":"Nowy"},"content":{"rendered":"\t\t<div data-elementor-type=\"wp-page\" data-elementor-id=\"2426\" class=\"elementor elementor-2426 elementor-2425\" data-elementor-post-type=\"page\">\n\t\t\t\t\t\t<section class=\"elementor-section elementor-top-section elementor-element elementor-element-b7756da elementor-section-full_width elementor-section-height-full elementor-section-height-default elementor-section-items-middle\" data-id=\"b7756da\" data-element_type=\"section\" data-e-type=\"section\" data-settings=\"{&quot;background_background&quot;:&quot;classic&quot;}\">\n\t\t\t\t\t\t<div class=\"elementor-container elementor-column-gap-no\">\n\t\t\t\t\t<div class=\"elementor-column elementor-col-100 elementor-top-column elementor-element elementor-element-a02835b\" data-id=\"a02835b\" data-element_type=\"column\" data-e-type=\"column\">\n\t\t\t<div class=\"elementor-widget-wrap elementor-element-populated\">\n\t\t\t\t\t\t<section class=\"elementor-section elementor-inner-section elementor-element elementor-element-0bfb0e3 elementor-section-boxed elementor-section-height-default elementor-section-height-default\" data-id=\"0bfb0e3\" data-element_type=\"section\" data-e-type=\"section\">\n\t\t\t\t\t\t<div class=\"elementor-container elementor-column-gap-default\">\n\t\t\t\t\t<div class=\"elementor-column elementor-col-25 elementor-inner-column elementor-element elementor-element-52a611f\" data-id=\"52a611f\" data-element_type=\"column\" data-e-type=\"column\">\n\t\t\t<div class=\"elementor-widget-wrap elementor-element-populated\">\n\t\t\t\t\t\t<div class=\"elementor-element elementor-element-d5798f1 elementor-widget elementor-widget-google_maps\" data-id=\"d5798f1\" data-element_type=\"widget\" data-e-type=\"widget\" data-widget_type=\"google_maps.default\">\n\t\t\t\t<div class=\"elementor-widget-container\">\n\t\t\t\t\t\t\t<div class=\"elementor-custom-embed\">\n\t\t\t<iframe loading=\"lazy\"\n\t\t\t\t\tsrc=\"https:\/\/maps.google.com\/maps?q=cz%C5%82uchowska%209%2C%2001-%20360%20warszawa&#038;t=m&#038;z=16&#038;output=embed&#038;iwloc=near\"\n\t\t\t\t\ttitle=\"cz\u0142uchowska 9, 01- 360 warszawa\"\n\t\t\t\t\taria-label=\"cz\u0142uchowska 9, 01- 360 warszawa\"\n\t\t\t><\/iframe>\n\t\t<\/div>\n\t\t\t\t\t\t<\/div>\n\t\t\t\t<\/div>\n\t\t\t\t\t<\/div>\n\t\t<\/div>\n\t\t\t\t<div class=\"elementor-column elementor-col-25 elementor-inner-column elementor-element elementor-element-14f6232\" data-id=\"14f6232\" data-element_type=\"column\" data-e-type=\"column\" data-settings=\"{&quot;background_background&quot;:&quot;classic&quot;}\">\n\t\t\t<div class=\"elementor-widget-wrap elementor-element-populated\">\n\t\t\t\t\t\t<div class=\"elementor-element elementor-element-2a6bf5d elementor-widget elementor-widget-image\" data-id=\"2a6bf5d\" data-element_type=\"widget\" data-e-type=\"widget\" data-widget_type=\"image.default\">\n\t\t\t\t<div class=\"elementor-widget-container\">\n\t\t\t\t\t\t\t\t\t\t\t\t\t\t\t<img decoding=\"async\" width=\"150\" height=\"150\" src=\"https:\/\/creepyjar.com\/wp-content\/uploads\/2023\/12\/Marketing-Icon.svg\" class=\"attachment-thumbnail size-thumbnail wp-image-14276\" alt=\"\" \/>\t\t\t\t\t\t\t\t\t\t\t\t\t\t\t<\/div>\n\t\t\t\t<\/div>\n\t\t\t\t<div class=\"elementor-element elementor-element-9b025d4 elementor-widget elementor-widget-heading\" data-id=\"9b025d4\" data-element_type=\"widget\" data-e-type=\"widget\" data-widget_type=\"heading.default\">\n\t\t\t\t<div class=\"elementor-widget-container\">\n\t\t\t\t\t<h2 class=\"elementor-heading-title elementor-size-default\">Marketing<\/h2>\t\t\t\t<\/div>\n\t\t\t\t<\/div>\n\t\t\t\t<div class=\"elementor-element elementor-element-51ad55c elementor-widget elementor-widget-text-editor\" data-id=\"51ad55c\" data-element_type=\"widget\" data-e-type=\"widget\" data-widget_type=\"text-editor.default\">\n\t\t\t\t<div class=\"elementor-widget-container\">\n\t\t\t\t\t\t\t\t\t<div class=\"elementor-element elementor-element-5ce8761 elementor-widget elementor-widget-text-editor\" data-id=\"5ce8761\" data-element_type=\"widget\" data-widget_type=\"text-editor.default\"><div class=\"elementor-widget-container\"><div class=\"elementor-text-editor elementor-clearfix\"><p>marketing@creepyjar.com<\/p><\/div><\/div><\/div>\t\t\t\t\t\t\t\t<\/div>\n\t\t\t\t<\/div>\n\t\t\t\t\t<\/div>\n\t\t<\/div>\n\t\t\t\t<div class=\"elementor-column elementor-col-25 elementor-inner-column elementor-element elementor-element-c7b6441\" data-id=\"c7b6441\" data-element_type=\"column\" data-e-type=\"column\" data-settings=\"{&quot;background_background&quot;:&quot;classic&quot;}\">\n\t\t\t<div class=\"elementor-widget-wrap elementor-element-populated\">\n\t\t\t\t\t\t<div class=\"elementor-element elementor-element-5535678 elementor-widget elementor-widget-image\" data-id=\"5535678\" data-element_type=\"widget\" data-e-type=\"widget\" data-widget_type=\"image.default\">\n\t\t\t\t<div class=\"elementor-widget-container\">\n\t\t\t\t\t\t\t\t\t\t\t\t\t\t\t<img decoding=\"async\" width=\"150\" height=\"140\" src=\"https:\/\/creepyjar.com\/wp-content\/uploads\/2023\/12\/PR-Icon.svg\" class=\"attachment-thumbnail size-thumbnail wp-image-14278\" alt=\"\" \/>\t\t\t\t\t\t\t\t\t\t\t\t\t\t\t<\/div>\n\t\t\t\t<\/div>\n\t\t\t\t<div class=\"elementor-element elementor-element-c51020a elementor-widget elementor-widget-heading\" data-id=\"c51020a\" data-element_type=\"widget\" data-e-type=\"widget\" data-widget_type=\"heading.default\">\n\t\t\t\t<div class=\"elementor-widget-container\">\n\t\t\t\t\t<h2 class=\"elementor-heading-title elementor-size-default\">pr<\/h2>\t\t\t\t<\/div>\n\t\t\t\t<\/div>\n\t\t\t\t<div class=\"elementor-element elementor-element-cbac3eb elementor-widget elementor-widget-text-editor\" data-id=\"cbac3eb\" data-element_type=\"widget\" data-e-type=\"widget\" data-widget_type=\"text-editor.default\">\n\t\t\t\t<div class=\"elementor-widget-container\">\n\t\t\t\t\t\t\t\t\t<div class=\"elementor-element elementor-element-5ce8761 elementor-widget elementor-widget-text-editor\" data-id=\"5ce8761\" data-element_type=\"widget\" data-widget_type=\"text-editor.default\"><div class=\"elementor-widget-container\"><div class=\"elementor-text-editor elementor-clearfix\"><p>pr@creepyjar.com<\/p><\/div><\/div><\/div>\t\t\t\t\t\t\t\t<\/div>\n\t\t\t\t<\/div>\n\t\t\t\t\t<\/div>\n\t\t<\/div>\n\t\t\t\t<div class=\"elementor-column elementor-col-25 elementor-inner-column elementor-element elementor-element-28c1384\" data-id=\"28c1384\" data-element_type=\"column\" data-e-type=\"column\">\n\t\t\t<div class=\"elementor-widget-wrap\">\n\t\t\t\t\t\t\t<\/div>\n\t\t<\/div>\n\t\t\t\t\t<\/div>\n\t\t<\/section>\n\t\t\t\t<section class=\"elementor-section elementor-inner-section elementor-element elementor-element-6aab911 elementor-section-boxed elementor-section-height-default elementor-section-height-default\" data-id=\"6aab911\" data-element_type=\"section\" data-e-type=\"section\">\n\t\t\t\t\t\t<div class=\"elementor-container elementor-column-gap-default\">\n\t\t\t\t\t<div class=\"elementor-column elementor-col-25 elementor-inner-column elementor-element elementor-element-ce57211\" data-id=\"ce57211\" data-element_type=\"column\" data-e-type=\"column\" data-settings=\"{&quot;background_background&quot;:&quot;classic&quot;}\">\n\t\t\t<div class=\"elementor-widget-wrap elementor-element-populated\">\n\t\t\t\t\t\t<div class=\"elementor-element elementor-element-ca3ad8d elementor-widget elementor-widget-heading\" data-id=\"ca3ad8d\" data-element_type=\"widget\" data-e-type=\"widget\" data-widget_type=\"heading.default\">\n\t\t\t\t<div class=\"elementor-widget-container\">\n\t\t\t\t\t<h2 class=\"elementor-heading-title elementor-size-default\">CREEPY JAR S.A<\/h2>\t\t\t\t<\/div>\n\t\t\t\t<\/div>\n\t\t\t\t<div class=\"elementor-element elementor-element-a047034 elementor-widget elementor-widget-text-editor\" data-id=\"a047034\" data-element_type=\"widget\" data-e-type=\"widget\" data-widget_type=\"text-editor.default\">\n\t\t\t\t<div class=\"elementor-widget-container\">\n\t\t\t\t\t\t\t\t\t<div class=\"elementor-element elementor-element-5ce8761 elementor-widget elementor-widget-text-editor\" data-id=\"5ce8761\" data-element_type=\"widget\" data-widget_type=\"text-editor.default\"><div class=\"elementor-widget-container\"><div class=\"elementor-text-editor elementor-clearfix\"><p>Cz\u0142uchowska 9, 01-360 Warsaw<\/p><p>KRS 0000666293<\/p><p>NIP 1182136414<\/p><p>office@creepyjar.com<\/p><\/div><\/div><\/div>\t\t\t\t\t\t\t\t<\/div>\n\t\t\t\t<\/div>\n\t\t\t\t\t<\/div>\n\t\t<\/div>\n\t\t\t\t<div class=\"elementor-column elementor-col-25 elementor-inner-column elementor-element elementor-element-71a06c3\" data-id=\"71a06c3\" data-element_type=\"column\" data-e-type=\"column\" data-settings=\"{&quot;background_background&quot;:&quot;classic&quot;}\">\n\t\t\t<div class=\"elementor-widget-wrap elementor-element-populated\">\n\t\t\t\t\t\t<div class=\"elementor-element elementor-element-c490142 elementor-widget elementor-widget-image\" data-id=\"c490142\" data-element_type=\"widget\" data-e-type=\"widget\" data-widget_type=\"image.default\">\n\t\t\t\t<div class=\"elementor-widget-container\">\n\t\t\t\t\t\t\t\t\t\t\t\t\t\t\t<img decoding=\"async\" width=\"150\" height=\"150\" src=\"https:\/\/creepyjar.com\/wp-content\/uploads\/2023\/12\/Business-Icon.svg\" class=\"attachment-thumbnail size-thumbnail wp-image-14280\" alt=\"\" \/>\t\t\t\t\t\t\t\t\t\t\t\t\t\t\t<\/div>\n\t\t\t\t<\/div>\n\t\t\t\t<div class=\"elementor-element elementor-element-a696dc2 elementor-widget elementor-widget-heading\" data-id=\"a696dc2\" data-element_type=\"widget\" data-e-type=\"widget\" data-widget_type=\"heading.default\">\n\t\t\t\t<div class=\"elementor-widget-container\">\n\t\t\t\t\t<h2 class=\"elementor-heading-title elementor-size-default\">Business Development<\/h2>\t\t\t\t<\/div>\n\t\t\t\t<\/div>\n\t\t\t\t<div class=\"elementor-element elementor-element-4873c65 elementor-widget elementor-widget-text-editor\" data-id=\"4873c65\" data-element_type=\"widget\" data-e-type=\"widget\" data-widget_type=\"text-editor.default\">\n\t\t\t\t<div class=\"elementor-widget-container\">\n\t\t\t\t\t\t\t\t\t<div class=\"elementor-element elementor-element-5ce8761 elementor-widget elementor-widget-text-editor\" data-id=\"5ce8761\" data-element_type=\"widget\" data-widget_type=\"text-editor.default\"><div class=\"elementor-widget-container\"><div class=\"elementor-text-editor elementor-clearfix\"><p>biz@creepyjar.com<\/p><\/div><\/div><\/div>\t\t\t\t\t\t\t\t<\/div>\n\t\t\t\t<\/div>\n\t\t\t\t\t<\/div>\n\t\t<\/div>\n\t\t\t\t<div class=\"elementor-column elementor-col-25 elementor-inner-column elementor-element elementor-element-93ccd0f\" data-id=\"93ccd0f\" data-element_type=\"column\" data-e-type=\"column\" data-settings=\"{&quot;background_background&quot;:&quot;classic&quot;}\">\n\t\t\t<div class=\"elementor-widget-wrap elementor-element-populated\">\n\t\t\t\t\t\t<div class=\"elementor-element elementor-element-8d75f6a elementor-widget elementor-widget-image\" data-id=\"8d75f6a\" data-element_type=\"widget\" data-e-type=\"widget\" data-widget_type=\"image.default\">\n\t\t\t\t<div class=\"elementor-widget-container\">\n\t\t\t\t\t\t\t\t\t\t\t\t\t\t\t<img loading=\"lazy\" decoding=\"async\" width=\"148\" height=\"150\" src=\"https:\/\/creepyjar.com\/wp-content\/uploads\/2023\/12\/IR-Icon.svg\" class=\"attachment-thumbnail size-thumbnail wp-image-14282\" alt=\"\" \/>\t\t\t\t\t\t\t\t\t\t\t\t\t\t\t<\/div>\n\t\t\t\t<\/div>\n\t\t\t\t<div class=\"elementor-element elementor-element-e908ade elementor-widget elementor-widget-heading\" data-id=\"e908ade\" data-element_type=\"widget\" data-e-type=\"widget\" data-widget_type=\"heading.default\">\n\t\t\t\t<div class=\"elementor-widget-container\">\n\t\t\t\t\t<h2 class=\"elementor-heading-title elementor-size-default\">investor relations<\/h2>\t\t\t\t<\/div>\n\t\t\t\t<\/div>\n\t\t\t\t<div class=\"elementor-element elementor-element-461f644 elementor-widget elementor-widget-text-editor\" data-id=\"461f644\" data-element_type=\"widget\" data-e-type=\"widget\" data-widget_type=\"text-editor.default\">\n\t\t\t\t<div class=\"elementor-widget-container\">\n\t\t\t\t\t\t\t\t\t<div class=\"elementor-element elementor-element-5ce8761 elementor-widget elementor-widget-text-editor\" data-id=\"5ce8761\" data-element_type=\"widget\" data-widget_type=\"text-editor.default\"><div class=\"elementor-widget-container\"><div class=\"elementor-text-editor elementor-clearfix\"><p>ir@creepyjar.com<\/p><\/div><\/div><\/div>\t\t\t\t\t\t\t\t<\/div>\n\t\t\t\t<\/div>\n\t\t\t\t\t<\/div>\n\t\t<\/div>\n\t\t\t\t<div class=\"elementor-column elementor-col-25 elementor-inner-column elementor-element elementor-element-2c82770\" data-id=\"2c82770\" data-element_type=\"column\" data-e-type=\"column\">\n\t\t\t<div class=\"elementor-widget-wrap\">\n\t\t\t\t\t\t\t<\/div>\n\t\t<\/div>\n\t\t\t\t\t<\/div>\n\t\t<\/section>\n\t\t\t\t\t<\/div>\n\t\t<\/div>\n\t\t\t\t\t<\/div>\n\t\t<\/section>\n\t\t\t\t<section class=\"elementor-section elementor-top-section elementor-element elementor-element-9e270f1 elementor-section-full_width elementor-section-height-min-height elementor-section-height-default elementor-section-items-middle\" data-id=\"9e270f1\" data-element_type=\"section\" data-e-type=\"section\" data-settings=\"{&quot;background_background&quot;:&quot;classic&quot;}\">\n\t\t\t\t\t\t<div class=\"elementor-container elementor-column-gap-default\">\n\t\t\t\t\t<div class=\"elementor-column elementor-col-100 elementor-top-column elementor-element elementor-element-3add1e6\" data-id=\"3add1e6\" data-element_type=\"column\" data-e-type=\"column\">\n\t\t\t<div class=\"elementor-widget-wrap elementor-element-populated\">\n\t\t\t\t\t\t<div class=\"elementor-element elementor-element-b254642 elementor-shape-circle elementor-grid-5 e-grid-align-center elementor-widget elementor-widget-social-icons\" data-id=\"b254642\" data-element_type=\"widget\" data-e-type=\"widget\" data-widget_type=\"social-icons.default\">\n\t\t\t\t<div class=\"elementor-widget-container\">\n\t\t\t\t\t\t\t<div class=\"elementor-social-icons-wrapper elementor-grid\" role=\"list\">\n\t\t\t\t\t\t\t<span class=\"elementor-grid-item\" role=\"listitem\">\n\t\t\t\t\t<a class=\"elementor-icon elementor-social-icon elementor-social-icon-facebook elementor-repeater-item-422ad05\" href=\"https:\/\/pl-pl.facebook.com\/CreepyJar\/\" target=\"_blank\">\n\t\t\t\t\t\t<span class=\"elementor-screen-only\">Facebook<\/span>\n\t\t\t\t\t\t<i aria-hidden=\"true\" class=\"fab fa-facebook\"><\/i>\t\t\t\t\t<\/a>\n\t\t\t\t<\/span>\n\t\t\t\t\t\t\t<span class=\"elementor-grid-item\" role=\"listitem\">\n\t\t\t\t\t<a class=\"elementor-icon elementor-social-icon elementor-social-icon-twitter elementor-repeater-item-dd9a503\" href=\"https:\/\/twitter.com\/creepy_jar\" target=\"_blank\">\n\t\t\t\t\t\t<span class=\"elementor-screen-only\">Twitter<\/span>\n\t\t\t\t\t\t<i aria-hidden=\"true\" class=\"fab fa-twitter\"><\/i>\t\t\t\t\t<\/a>\n\t\t\t\t<\/span>\n\t\t\t\t\t\t\t<span class=\"elementor-grid-item\" role=\"listitem\">\n\t\t\t\t\t<a class=\"elementor-icon elementor-social-icon elementor-social-icon-youtube elementor-repeater-item-72e728e\" href=\"https:\/\/www.youtube.com\/channel\/UCCZ5dMgYoVurtpBE5omHf0Q\" target=\"_blank\">\n\t\t\t\t\t\t<span class=\"elementor-screen-only\">Youtube<\/span>\n\t\t\t\t\t\t<i aria-hidden=\"true\" class=\"fab fa-youtube\"><\/i>\t\t\t\t\t<\/a>\n\t\t\t\t<\/span>\n\t\t\t\t\t\t\t<span class=\"elementor-grid-item\" role=\"listitem\">\n\t\t\t\t\t<a class=\"elementor-icon elementor-social-icon elementor-social-icon-linkedin elementor-repeater-item-2f28795\" href=\"https:\/\/pl.linkedin.com\/company\/creepy-jar\" target=\"_blank\">\n\t\t\t\t\t\t<span class=\"elementor-screen-only\">Linkedin<\/span>\n\t\t\t\t\t\t<i aria-hidden=\"true\" class=\"fab fa-linkedin\"><\/i>\t\t\t\t\t<\/a>\n\t\t\t\t<\/span>\n\t\t\t\t\t\t\t<span class=\"elementor-grid-item\" role=\"listitem\">\n\t\t\t\t\t<a class=\"elementor-icon elementor-social-icon elementor-social-icon-steam elementor-repeater-item-8228eec\" href=\"https:\/\/pl.linkedin.com\/company\/creepy-jar\" target=\"_blank\">\n\t\t\t\t\t\t<span class=\"elementor-screen-only\">Steam<\/span>\n\t\t\t\t\t\t<i aria-hidden=\"true\" class=\"fab fa-steam\"><\/i>\t\t\t\t\t<\/a>\n\t\t\t\t<\/span>\n\t\t\t\t\t<\/div>\n\t\t\t\t\t\t<\/div>\n\t\t\t\t<\/div>\n\t\t\t\t\t<\/div>\n\t\t<\/div>\n\t\t\t\t\t<\/div>\n\t\t<\/section>\n\t\t\t\t<\/div>\n\t\t","protected":false},"excerpt":{"rendered":"<p>Marketing marketing@creepyjar.com pr pr@creepyjar.com CREEPY JAR S.A Cz\u0142uchowska 9, 01-360 Warsaw KRS 0000666293 NIP 1182136414 office@creepyjar.com Business Development biz@creepyjar.com investor relations ir@creepyjar.com Facebook Twitter Youtube Linkedin Steam<\/p>\n","protected":false},"author":1,"featured_media":0,"parent":0,"menu_order":0,"comment_status":"closed","ping_status":"closed","template":"","meta":{"inline_featured_image":false,"footnotes":""},"class_list":["post-2426","page","type-page","status-publish","hentry"],"yoast_head":"<!-- This site is optimized with the Yoast SEO plugin v27.0 - https:\/\/yoast.com\/product\/yoast-seo-wordpress\/ -->\n<title>Contact - Creepy Jar<\/title>\n<meta name=\"description\" content=\"Creepy Jar jest developerem gier specjalizuj\u0105cym si\u0119 w gatunku survival simulation\/base building. Sukces odniesiony przez Green Hell sprawia, \u017ce sp\u00f3\u0142ka jest jednym z kluczowych tw\u00f3rc\u00f3w tytu\u0142\u00f3w z tego gatunku na \u015bwiecie.\" \/>\n<meta name=\"robots\" content=\"index, follow, max-snippet:-1, max-image-preview:large, max-video-preview:-1\" \/>\n<link rel=\"canonical\" href=\"https:\/\/creepyjar.com\/en\/contact-us\/\" \/>\n<meta property=\"og:locale\" content=\"en_US\" \/>\n<meta property=\"og:type\" content=\"article\" \/>\n<meta property=\"og:title\" content=\"Contact - Creepy Jar\" \/>\n<meta property=\"og:description\" content=\"Creepy Jar jest developerem gier specjalizuj\u0105cym si\u0119 w gatunku survival simulation\/base building. Sukces odniesiony przez Green Hell sprawia, \u017ce sp\u00f3\u0142ka jest jednym z kluczowych tw\u00f3rc\u00f3w tytu\u0142\u00f3w z tego gatunku na \u015bwiecie.\" \/>\n<meta property=\"og:url\" content=\"https:\/\/creepyjar.com\/en\/contact-us\/\" \/>\n<meta property=\"og:site_name\" content=\"Creepy Jar\" \/>\n<meta property=\"article:modified_time\" content=\"2025-11-19T09:11:10+00:00\" \/>\n<meta property=\"og:image\" content=\"https:\/\/creepyjar.com\/wp-content\/uploads\/2023\/12\/Marketing-Icon.svg\" \/>\n<meta name=\"twitter:card\" content=\"summary_large_image\" \/>\n<meta name=\"twitter:label1\" content=\"Est. reading time\" \/>\n\t<meta name=\"twitter:data1\" content=\"1 minute\" \/>\n<script type=\"application\/ld+json\" class=\"yoast-schema-graph\">{\"@context\":\"https:\/\/schema.org\",\"@graph\":[{\"@type\":\"WebPage\",\"@id\":\"https:\/\/creepyjar.com\/en\/contact-us\/\",\"url\":\"https:\/\/creepyjar.com\/en\/contact-us\/\",\"name\":\"Contact - Creepy Jar\",\"isPartOf\":{\"@id\":\"https:\/\/creepyjar.com\/#website\"},\"primaryImageOfPage\":{\"@id\":\"https:\/\/creepyjar.com\/en\/contact-us\/#primaryimage\"},\"image\":{\"@id\":\"https:\/\/creepyjar.com\/en\/contact-us\/#primaryimage\"},\"thumbnailUrl\":\"https:\/\/creepyjar.com\/wp-content\/uploads\/2023\/12\/Marketing-Icon.svg\",\"datePublished\":\"2021-04-30T05:44:22+00:00\",\"dateModified\":\"2025-11-19T09:11:10+00:00\",\"description\":\"Creepy Jar jest developerem gier specjalizuj\u0105cym si\u0119 w gatunku survival simulation\/base building. Sukces odniesiony przez Green Hell sprawia, \u017ce sp\u00f3\u0142ka jest jednym z kluczowych tw\u00f3rc\u00f3w tytu\u0142\u00f3w z tego gatunku na \u015bwiecie.\",\"breadcrumb\":{\"@id\":\"https:\/\/creepyjar.com\/en\/contact-us\/#breadcrumb\"},\"inLanguage\":\"en-US\",\"potentialAction\":[{\"@type\":\"ReadAction\",\"target\":[\"https:\/\/creepyjar.com\/en\/contact-us\/\"]}]},{\"@type\":\"ImageObject\",\"inLanguage\":\"en-US\",\"@id\":\"https:\/\/creepyjar.com\/en\/contact-us\/#primaryimage\",\"url\":\"https:\/\/creepyjar.com\/wp-content\/uploads\/2023\/12\/Marketing-Icon.svg\",\"contentUrl\":\"https:\/\/creepyjar.com\/wp-content\/uploads\/2023\/12\/Marketing-Icon.svg\"},{\"@type\":\"BreadcrumbList\",\"@id\":\"https:\/\/creepyjar.com\/en\/contact-us\/#breadcrumb\",\"itemListElement\":[{\"@type\":\"ListItem\",\"position\":1,\"name\":\"Strona g\u0142\u00f3wna\",\"item\":\"https:\/\/creepyjar.com\/en\/\"},{\"@type\":\"ListItem\",\"position\":2,\"name\":\"Nowy\"}]},{\"@type\":\"WebSite\",\"@id\":\"https:\/\/creepyjar.com\/#website\",\"url\":\"https:\/\/creepyjar.com\/\",\"name\":\"Creepy Jar\",\"description\":\"Video game developer\",\"potentialAction\":[{\"@type\":\"SearchAction\",\"target\":{\"@type\":\"EntryPoint\",\"urlTemplate\":\"https:\/\/creepyjar.com\/?s={search_term_string}\"},\"query-input\":{\"@type\":\"PropertyValueSpecification\",\"valueRequired\":true,\"valueName\":\"search_term_string\"}}],\"inLanguage\":\"en-US\"}]}<\/script>\n<!-- \/ Yoast SEO plugin. -->","yoast_head_json":{"title":"Contact - Creepy Jar","description":"Creepy Jar jest developerem gier specjalizuj\u0105cym si\u0119 w gatunku survival simulation\/base building. Sukces odniesiony przez Green Hell sprawia, \u017ce sp\u00f3\u0142ka jest jednym z kluczowych tw\u00f3rc\u00f3w tytu\u0142\u00f3w z tego gatunku na \u015bwiecie.","robots":{"index":"index","follow":"follow","max-snippet":"max-snippet:-1","max-image-preview":"max-image-preview:large","max-video-preview":"max-video-preview:-1"},"canonical":"https:\/\/creepyjar.com\/en\/contact-us\/","og_locale":"en_US","og_type":"article","og_title":"Contact - Creepy Jar","og_description":"Creepy Jar jest developerem gier specjalizuj\u0105cym si\u0119 w gatunku survival simulation\/base building. Sukces odniesiony przez Green Hell sprawia, \u017ce sp\u00f3\u0142ka jest jednym z kluczowych tw\u00f3rc\u00f3w tytu\u0142\u00f3w z tego gatunku na \u015bwiecie.","og_url":"https:\/\/creepyjar.com\/en\/contact-us\/","og_site_name":"Creepy Jar","article_modified_time":"2025-11-19T09:11:10+00:00","og_image":[{"url":"https:\/\/creepyjar.com\/wp-content\/uploads\/2023\/12\/Marketing-Icon.svg","type":"","width":"","height":""}],"twitter_card":"summary_large_image","twitter_misc":{"Est. reading time":"1 minute"},"schema":{"@context":"https:\/\/schema.org","@graph":[{"@type":"WebPage","@id":"https:\/\/creepyjar.com\/en\/contact-us\/","url":"https:\/\/creepyjar.com\/en\/contact-us\/","name":"Contact - Creepy Jar","isPartOf":{"@id":"https:\/\/creepyjar.com\/#website"},"primaryImageOfPage":{"@id":"https:\/\/creepyjar.com\/en\/contact-us\/#primaryimage"},"image":{"@id":"https:\/\/creepyjar.com\/en\/contact-us\/#primaryimage"},"thumbnailUrl":"https:\/\/creepyjar.com\/wp-content\/uploads\/2023\/12\/Marketing-Icon.svg","datePublished":"2021-04-30T05:44:22+00:00","dateModified":"2025-11-19T09:11:10+00:00","description":"Creepy Jar jest developerem gier specjalizuj\u0105cym si\u0119 w gatunku survival simulation\/base building. Sukces odniesiony przez Green Hell sprawia, \u017ce sp\u00f3\u0142ka jest jednym z kluczowych tw\u00f3rc\u00f3w tytu\u0142\u00f3w z tego gatunku na \u015bwiecie.","breadcrumb":{"@id":"https:\/\/creepyjar.com\/en\/contact-us\/#breadcrumb"},"inLanguage":"en-US","potentialAction":[{"@type":"ReadAction","target":["https:\/\/creepyjar.com\/en\/contact-us\/"]}]},{"@type":"ImageObject","inLanguage":"en-US","@id":"https:\/\/creepyjar.com\/en\/contact-us\/#primaryimage","url":"https:\/\/creepyjar.com\/wp-content\/uploads\/2023\/12\/Marketing-Icon.svg","contentUrl":"https:\/\/creepyjar.com\/wp-content\/uploads\/2023\/12\/Marketing-Icon.svg"},{"@type":"BreadcrumbList","@id":"https:\/\/creepyjar.com\/en\/contact-us\/#breadcrumb","itemListElement":[{"@type":"ListItem","position":1,"name":"Strona g\u0142\u00f3wna","item":"https:\/\/creepyjar.com\/en\/"},{"@type":"ListItem","position":2,"name":"Nowy"}]},{"@type":"WebSite","@id":"https:\/\/creepyjar.com\/#website","url":"https:\/\/creepyjar.com\/","name":"Creepy Jar","description":"Video game developer","potentialAction":[{"@type":"SearchAction","target":{"@type":"EntryPoint","urlTemplate":"https:\/\/creepyjar.com\/?s={search_term_string}"},"query-input":{"@type":"PropertyValueSpecification","valueRequired":true,"valueName":"search_term_string"}}],"inLanguage":"en-US"}]}},"_links":{"self":[{"href":"https:\/\/creepyjar.com\/en\/wp-json\/wp\/v2\/pages\/2426","targetHints":{"allow":["GET"]}}],"collection":[{"href":"https:\/\/creepyjar.com\/en\/wp-json\/wp\/v2\/pages"}],"about":[{"href":"https:\/\/creepyjar.com\/en\/wp-json\/wp\/v2\/types\/page"}],"author":[{"embeddable":true,"href":"https:\/\/creepyjar.com\/en\/wp-json\/wp\/v2\/users\/1"}],"replies":[{"embeddable":true,"href":"https:\/\/creepyjar.com\/en\/wp-json\/wp\/v2\/comments?post=2426"}],"version-history":[{"count":27,"href":"https:\/\/creepyjar.com\/en\/wp-json\/wp\/v2\/pages\/2426\/revisions"}],"predecessor-version":[{"id":14601,"href":"https:\/\/creepyjar.com\/en\/wp-json\/wp\/v2\/pages\/2426\/revisions\/14601"}],"wp:attachment":[{"href":"https:\/\/creepyjar.com\/en\/wp-json\/wp\/v2\/media?parent=2426"}],"curies":[{"name":"wp","href":"https:\/\/api.w.org\/{rel}","templated":true}]}}