{"id":17259,"date":"2025-12-07T11:05:18","date_gmt":"2025-12-07T10:05:18","guid":{"rendered":"https:\/\/creepyjar.com\/bugsplat\/"},"modified":"2025-12-07T11:05:18","modified_gmt":"2025-12-07T10:05:18","slug":"bugsplat","status":"publish","type":"page","link":"https:\/\/creepyjar.com\/en\/bugsplat\/","title":{"rendered":"BugSplat"},"content":{"rendered":"\t\t<div data-elementor-type=\"wp-page\" data-elementor-id=\"17259\" class=\"elementor elementor-17259 elementor-17244\" data-elementor-post-type=\"page\">\n\t\t\t\t\t\t<section class=\"elementor-section elementor-top-section elementor-element elementor-element-f59e29b elementor-section-boxed elementor-section-height-default elementor-section-height-default\" data-id=\"f59e29b\" data-element_type=\"section\" data-e-type=\"section\" data-settings=\"{&quot;background_background&quot;:&quot;classic&quot;}\">\n\t\t\t\t\t\t<div class=\"elementor-container elementor-column-gap-default\">\n\t\t\t\t\t<div class=\"elementor-column elementor-col-100 elementor-top-column elementor-element elementor-element-95f939c\" data-id=\"95f939c\" data-element_type=\"column\" data-e-type=\"column\">\n\t\t\t<div class=\"elementor-widget-wrap elementor-element-populated\">\n\t\t\t\t\t\t<div class=\"elementor-element elementor-element-ada8999 elementor-widget elementor-widget-spacer\" data-id=\"ada8999\" data-element_type=\"widget\" data-e-type=\"widget\" data-widget_type=\"spacer.default\">\n\t\t\t\t<div class=\"elementor-widget-container\">\n\t\t\t\t\t\t\t<div class=\"elementor-spacer\">\n\t\t\t<div class=\"elementor-spacer-inner\"><\/div>\n\t\t<\/div>\n\t\t\t\t\t\t<\/div>\n\t\t\t\t<\/div>\n\t\t\t\t<div class=\"elementor-element elementor-element-433f2af elementor-widget elementor-widget-heading\" data-id=\"433f2af\" data-element_type=\"widget\" data-e-type=\"widget\" data-widget_type=\"heading.default\">\n\t\t\t\t<div class=\"elementor-widget-container\">\n\t\t\t\t\t<h2 class=\"elementor-heading-title elementor-size-default\">INFORMATION ON PERSONAL DATA<\/h2>\t\t\t\t<\/div>\n\t\t\t\t<\/div>\n\t\t\t\t<div class=\"elementor-element elementor-element-3dd603a elementor-widget-divider--view-line elementor-widget elementor-widget-divider\" data-id=\"3dd603a\" data-element_type=\"widget\" data-e-type=\"widget\" data-widget_type=\"divider.default\">\n\t\t\t\t<div class=\"elementor-widget-container\">\n\t\t\t\t\t\t\t<div class=\"elementor-divider\">\n\t\t\t<span class=\"elementor-divider-separator\">\n\t\t\t\t\t\t<\/span>\n\t\t<\/div>\n\t\t\t\t\t\t<\/div>\n\t\t\t\t<\/div>\n\t\t\t\t<div class=\"elementor-element elementor-element-3eb760c elementor-widget elementor-widget-html\" data-id=\"3eb760c\" data-element_type=\"widget\" data-e-type=\"widget\" data-widget_type=\"html.default\">\n\t\t\t\t<div class=\"elementor-widget-container\">\n\t\t\t\t\t<script> \r\njQuery(document).ready(function($) { \r\nvar delay = 100; setTimeout(function() { \r\n$('.elementor-tab-title').removeClass('elementor-active');\r\n $('.elementor-tab-content').css('display', 'none'); }, delay); \r\n}); \r\n<\/script>\t\t\t\t<\/div>\n\t\t\t\t<\/div>\n\t\t\t\t<div class=\"elementor-element elementor-element-f629fa5 elementor-widget elementor-widget-text-editor\" data-id=\"f629fa5\" data-element_type=\"widget\" data-e-type=\"widget\" data-widget_type=\"text-editor.default\">\n\t\t\t\t<div class=\"elementor-widget-container\">\n\t\t\t\t\t\t\t\t\t<p>Please be informed that the personal data controller is the company operating under the trade name of CREEPY JAR SP\u00d3\u0141KA AKCYJNA, with its registered office in Warsaw (postal code 01-360), at ul. Cz\u0142uchowska 9, registered with the District Court in Warsaw, 12th Business Department of the National Court Register, under KRS no. 0000666293, with the share capital of PLN 699,364.00 (fully paid), NIP (Tax Identification number): 1182136414, REGON (statistical number): 366335731 (hereinafter called \u201cthe Controller\u201d).<\/p>\n<p>&nbsp;<\/p>\n<p>In matters relating to personal data, the Controller can be contacted at privacy@creepyjar.com.<\/p>\n<p>&nbsp;<\/p>\n<p><strong>Categories of personal data processed by the Controller:<\/strong><br \/>The Controller processes the personal data which is necessary to achieve the purpose of the processing, in particular the IP address and the data provided by the user.<\/p>\n<p><strong>In particular, personal data will be processed by the Controller:<\/strong><br \/>1) pursuant to Article 6(1)(a) of the GDPR, i.e. on the basis of the user&#8217;s consent to the processing of their personal data given by making the data available to the<\/p>\n<p><strong> Controller, for the purposes of:<\/strong><br \/>a) receiving reports of incidents during the testing of a computer game,<br \/>b) resolving the reported problems.<\/p>\n<p><strong>The period for which the personal data will be stored:<\/strong><br \/>1) the personal data processed for the purposes of testing a computer game will be processed for a period of 6 years, i.e. the prescriptive period for making claims (if any).<\/p>\n<p><strong>Rights of the data subject:<\/strong><br \/>1) the right of access to their personal data, i.e. the right to obtain confirmation as to whether the Controller processes the data and information concerning such processing,<br \/>2) the right to rectification of data if the data processed by the Controller is inaccurate or incomplete,<br \/>3) the right to require the Controller to erase the data,<br \/>4) the right to require the Controller to restrict the processing of the data,<br \/>5) the right to data portability, i.e. the right to receive the personal data provided to the Controller and to send it to another controller,<br \/>6) the right to object to the processing on the basis of the legitimate interest of the Controller or to processing for direct marketing purposes,<br \/>7) the right to lodge a complaint with a Polish supervisory authority or a supervisory authority of another EU Member State with jurisdiction over the data subject&#8217;;s habitual place of residence or work or over the place of the alleged breach of the GDPR,<br \/>8) the right to revoke the consent at any time (without affecting the legality of the processing which took place based on the consent before it was revoked);<br \/>9) the right to obtain human intervention on the part of the Controller, to express their position and to challenge a decision made based on automated data processing.<\/p>\n<p>&nbsp;<\/p>\n<p>The rights mentioned in points 1)-6) and 8)-9) above can be exercised, inter alia, by writing to the e-mail address given above or the Controller&#8217;s address.<\/p>\n<p>&nbsp;<\/p>\n<p><strong>Categories of recipients of data (entities processing personal data on behalf of the Controller):<\/strong><br \/>trade partners, including in particular the BugSplat platform, law firms, document archiving companies, partners providing technical services (e.g. development and maintenance of IT systems and websites).<\/p>\n\t\t\t\t\t\t\t\t<\/div>\n\t\t\t\t<\/div>\n\t\t\t\t<div class=\"elementor-element elementor-element-c335522 elementor-widget elementor-widget-spacer\" data-id=\"c335522\" data-element_type=\"widget\" data-e-type=\"widget\" data-widget_type=\"spacer.default\">\n\t\t\t\t<div class=\"elementor-widget-container\">\n\t\t\t\t\t\t\t<div class=\"elementor-spacer\">\n\t\t\t<div class=\"elementor-spacer-inner\"><\/div>\n\t\t<\/div>\n\t\t\t\t\t\t<\/div>\n\t\t\t\t<\/div>\n\t\t\t\t\t<\/div>\n\t\t<\/div>\n\t\t\t\t\t<\/div>\n\t\t<\/section>\n\t\t\t\t<\/div>\n\t\t","protected":false},"excerpt":{"rendered":"<p>INFORMATION ON PERSONAL DATA Please be informed that the personal data controller is the company operating under the trade name of CREEPY JAR SP\u00d3\u0141KA AKCYJNA, with its registered office in Warsaw (postal code 01-360), at ul. Cz\u0142uchowska 9, registered with the District Court in Warsaw, 12th Business Department of the National Court Register, under KRS [&hellip;]<\/p>\n","protected":false},"author":1,"featured_media":0,"parent":0,"menu_order":0,"comment_status":"closed","ping_status":"closed","template":"","meta":{"inline_featured_image":false,"footnotes":""},"class_list":["post-17259","page","type-page","status-publish","hentry"],"yoast_head":"<!-- This site is optimized with the Yoast SEO plugin v27.0 - https:\/\/yoast.com\/product\/yoast-seo-wordpress\/ -->\n<title>BugSplat - Creepy Jar<\/title>\n<meta name=\"robots\" content=\"index, follow, max-snippet:-1, max-image-preview:large, max-video-preview:-1\" \/>\n<link rel=\"canonical\" href=\"https:\/\/creepyjar.com\/bugsplat\/\" \/>\n<meta property=\"og:locale\" content=\"en_US\" \/>\n<meta property=\"og:type\" content=\"article\" \/>\n<meta property=\"og:title\" content=\"BugSplat - Creepy Jar\" \/>\n<meta property=\"og:description\" content=\"INFORMATION ON PERSONAL DATA Please be informed that the personal data controller is the company operating under the trade name of CREEPY JAR SP\u00d3\u0141KA AKCYJNA, with its registered office in Warsaw (postal code 01-360), at ul. Cz\u0142uchowska 9, registered with the District Court in Warsaw, 12th Business Department of the National Court Register, under KRS [&hellip;]\" \/>\n<meta property=\"og:url\" content=\"https:\/\/creepyjar.com\/bugsplat\/\" \/>\n<meta property=\"og:site_name\" content=\"Creepy Jar\" \/>\n<meta name=\"twitter:card\" content=\"summary_large_image\" \/>\n<meta name=\"twitter:label1\" content=\"Est. reading time\" \/>\n\t<meta name=\"twitter:data1\" content=\"3 minutes\" \/>\n<script type=\"application\/ld+json\" class=\"yoast-schema-graph\">{\"@context\":\"https:\/\/schema.org\",\"@graph\":[{\"@type\":\"WebPage\",\"@id\":\"https:\/\/creepyjar.com\/bugsplat\/\",\"url\":\"https:\/\/creepyjar.com\/bugsplat\/\",\"name\":\"BugSplat - Creepy Jar\",\"isPartOf\":{\"@id\":\"https:\/\/creepyjar.com\/#website\"},\"datePublished\":\"2025-12-07T10:05:18+00:00\",\"breadcrumb\":{\"@id\":\"https:\/\/creepyjar.com\/bugsplat\/#breadcrumb\"},\"inLanguage\":\"en-US\",\"potentialAction\":[{\"@type\":\"ReadAction\",\"target\":[\"https:\/\/creepyjar.com\/bugsplat\/\"]}]},{\"@type\":\"BreadcrumbList\",\"@id\":\"https:\/\/creepyjar.com\/bugsplat\/#breadcrumb\",\"itemListElement\":[{\"@type\":\"ListItem\",\"position\":1,\"name\":\"Strona g\u0142\u00f3wna\",\"item\":\"https:\/\/creepyjar.com\/en\/\"},{\"@type\":\"ListItem\",\"position\":2,\"name\":\"BugSplat\"}]},{\"@type\":\"WebSite\",\"@id\":\"https:\/\/creepyjar.com\/#website\",\"url\":\"https:\/\/creepyjar.com\/\",\"name\":\"Creepy Jar\",\"description\":\"Video game developer\",\"potentialAction\":[{\"@type\":\"SearchAction\",\"target\":{\"@type\":\"EntryPoint\",\"urlTemplate\":\"https:\/\/creepyjar.com\/?s={search_term_string}\"},\"query-input\":{\"@type\":\"PropertyValueSpecification\",\"valueRequired\":true,\"valueName\":\"search_term_string\"}}],\"inLanguage\":\"en-US\"}]}<\/script>\n<!-- \/ Yoast SEO plugin. -->","yoast_head_json":{"title":"BugSplat - Creepy Jar","robots":{"index":"index","follow":"follow","max-snippet":"max-snippet:-1","max-image-preview":"max-image-preview:large","max-video-preview":"max-video-preview:-1"},"canonical":"https:\/\/creepyjar.com\/bugsplat\/","og_locale":"en_US","og_type":"article","og_title":"BugSplat - Creepy Jar","og_description":"INFORMATION ON PERSONAL DATA Please be informed that the personal data controller is the company operating under the trade name of CREEPY JAR SP\u00d3\u0141KA AKCYJNA, with its registered office in Warsaw (postal code 01-360), at ul. Cz\u0142uchowska 9, registered with the District Court in Warsaw, 12th Business Department of the National Court Register, under KRS [&hellip;]","og_url":"https:\/\/creepyjar.com\/bugsplat\/","og_site_name":"Creepy Jar","twitter_card":"summary_large_image","twitter_misc":{"Est. reading time":"3 minutes"},"schema":{"@context":"https:\/\/schema.org","@graph":[{"@type":"WebPage","@id":"https:\/\/creepyjar.com\/bugsplat\/","url":"https:\/\/creepyjar.com\/bugsplat\/","name":"BugSplat - Creepy Jar","isPartOf":{"@id":"https:\/\/creepyjar.com\/#website"},"datePublished":"2025-12-07T10:05:18+00:00","breadcrumb":{"@id":"https:\/\/creepyjar.com\/bugsplat\/#breadcrumb"},"inLanguage":"en-US","potentialAction":[{"@type":"ReadAction","target":["https:\/\/creepyjar.com\/bugsplat\/"]}]},{"@type":"BreadcrumbList","@id":"https:\/\/creepyjar.com\/bugsplat\/#breadcrumb","itemListElement":[{"@type":"ListItem","position":1,"name":"Strona g\u0142\u00f3wna","item":"https:\/\/creepyjar.com\/en\/"},{"@type":"ListItem","position":2,"name":"BugSplat"}]},{"@type":"WebSite","@id":"https:\/\/creepyjar.com\/#website","url":"https:\/\/creepyjar.com\/","name":"Creepy Jar","description":"Video game developer","potentialAction":[{"@type":"SearchAction","target":{"@type":"EntryPoint","urlTemplate":"https:\/\/creepyjar.com\/?s={search_term_string}"},"query-input":{"@type":"PropertyValueSpecification","valueRequired":true,"valueName":"search_term_string"}}],"inLanguage":"en-US"}]}},"_links":{"self":[{"href":"https:\/\/creepyjar.com\/en\/wp-json\/wp\/v2\/pages\/17259","targetHints":{"allow":["GET"]}}],"collection":[{"href":"https:\/\/creepyjar.com\/en\/wp-json\/wp\/v2\/pages"}],"about":[{"href":"https:\/\/creepyjar.com\/en\/wp-json\/wp\/v2\/types\/page"}],"author":[{"embeddable":true,"href":"https:\/\/creepyjar.com\/en\/wp-json\/wp\/v2\/users\/1"}],"replies":[{"embeddable":true,"href":"https:\/\/creepyjar.com\/en\/wp-json\/wp\/v2\/comments?post=17259"}],"version-history":[{"count":1,"href":"https:\/\/creepyjar.com\/en\/wp-json\/wp\/v2\/pages\/17259\/revisions"}],"predecessor-version":[{"id":17260,"href":"https:\/\/creepyjar.com\/en\/wp-json\/wp\/v2\/pages\/17259\/revisions\/17260"}],"wp:attachment":[{"href":"https:\/\/creepyjar.com\/en\/wp-json\/wp\/v2\/media?parent=17259"}],"curies":[{"name":"wp","href":"https:\/\/api.w.org\/{rel}","templated":true}]}}